{"id":219,"date":"2016-02-02T11:42:29","date_gmt":"2016-02-02T10:42:29","guid":{"rendered":"http:\/\/s536765090.onlinehome.fr\/scherb\/?page_id=219"},"modified":"2018-11-30T01:29:50","modified_gmt":"2018-11-30T00:29:50","slug":"contact","status":"publish","type":"page","link":"https:\/\/www.scherb.fr\/de\/contact\/","title":{"rendered":"Kontakt"},"content":{"rendered":"<div class=\"col-xs-12 col-sm-12 col-md-6 col-lg-6\">\n<h2>KONTACT FORM<\/h2>\n<p>Bitte f\u00fcllen Sie das untenstehende Formular aus.<br \/>\nFelder, die mit einem Sternchen (*) versehen sind, m\u00fcssen ausgef\u00fcllt werden.<br \/>\nBitte ein g\u00fcltiges Formular w\u00e4hlen\n<\/div>\n<div class=\"col-xs-12 col-sm-12 col-md-6 col-lg-6\">\n<h2>UNSERE ADRESSE :<\/h2>\n<p><strong>Zentrale und Verkaufsstelle<\/strong><br \/>\n3 rue Basse<br \/>\n68420 GUEBERSCHWIHR<br \/>\nTelefon : +33 (0)3.89.49.33.82<\/p>\n<p><strong>Verkaufsstelle<\/strong><br \/>\n35, rue des Forgerons<br \/>\n68420 GUEBERSCHWIHR<br \/>\nTelefon : +33 (0)3 89 49 21 49<\/p>\n<h2>\u00d6ffnungszeitpl\u00e4ne<\/h2>\n<p>Von Montag bis Donnerstag : 8h30-12h \/ 14h-18h<br \/>\nFreitag und Samstag : 8h30-12h \/ 14h-19h<br \/>\nSonntagen und Feiertagen : 9h-12h \/ 14h-17h<\/p>\n<\/div>\n<div id=\"gmap-canvas\" class=\"col-xs-12 col-sm-12 col-md-12 col-lg-12\" style=\"height: 500px; max-width: 100%;\">\n<h2>Wo uns finden im Gueberschwihr<\/h2>\n<p class=\"error\">Basic Google Maps Placemarks error: JavaScript and\/or CSS files aren't loaded. If you're using do_shortcode() you need to add a filter to your theme first. See <a href=\"http:\/\/wordpress.org\/extend\/plugins\/basic-google-maps-placemarks\/faq\/\">the FAQ<\/a> for details.<\/p>\n<\/div>","protected":false},"excerpt":{"rendered":"<p>KONTACT FORM Bitte f\u00fcllen Sie das untenstehende Formular aus. Felder, die mit einem Sternchen (*) versehen sind, m\u00fcssen ausgef\u00fcllt werden. UNSERE ADRESSE : Zentrale und Verkaufsstelle 3 rue [&hellip;]<\/p>\n","protected":false},"author":1,"featured_media":0,"parent":0,"menu_order":0,"comment_status":"closed","ping_status":"closed","template":"page.php","meta":{"_acf_changed":false,"_seopress_robots_primary_cat":"","_seopress_titles_title":"","_seopress_titles_desc":"","_seopress_robots_index":"","footnotes":""},"class_list":["post-219","page","type-page","status-publish","hentry"],"acf":[],"_links":{"self":[{"href":"https:\/\/www.scherb.fr\/de\/wp-json\/wp\/v2\/pages\/219"}],"collection":[{"href":"https:\/\/www.scherb.fr\/de\/wp-json\/wp\/v2\/pages"}],"about":[{"href":"https:\/\/www.scherb.fr\/de\/wp-json\/wp\/v2\/types\/page"}],"author":[{"embeddable":true,"href":"https:\/\/www.scherb.fr\/de\/wp-json\/wp\/v2\/users\/1"}],"replies":[{"embeddable":true,"href":"https:\/\/www.scherb.fr\/de\/wp-json\/wp\/v2\/comments?post=219"}],"version-history":[{"count":2,"href":"https:\/\/www.scherb.fr\/de\/wp-json\/wp\/v2\/pages\/219\/revisions"}],"predecessor-version":[{"id":1153,"href":"https:\/\/www.scherb.fr\/de\/wp-json\/wp\/v2\/pages\/219\/revisions\/1153"}],"wp:attachment":[{"href":"https:\/\/www.scherb.fr\/de\/wp-json\/wp\/v2\/media?parent=219"}],"curies":[{"name":"wp","href":"https:\/\/api.w.org\/{rel}","templated":true}]}}