{"id":24,"date":"2016-01-12T12:01:41","date_gmt":"2016-01-12T11:01:41","guid":{"rendered":"http:\/\/s536765090.onlinehome.fr\/scherb\/?page_id=24"},"modified":"2020-11-09T13:12:27","modified_gmt":"2020-11-09T12:12:27","slug":"accueil","status":"publish","type":"page","link":"https:\/\/www.scherb.fr\/de\/","title":{"rendered":"Els\u00e4sser weine aus gueberschwihr"},"content":{"rendered":"<p class=\"qtranxs-available-languages-message qtranxs-available-languages-message-de\">Leider ist der Eintrag nur auf <a href=\"https:\/\/www.scherb.fr\/fr\/wp-json\/wp\/v2\/pages\/24\" class=\"qtranxs-available-language-link qtranxs-available-language-link-fr\" title=\"Fran\u00e7ais\">Fran\u00e7ais<\/a> verf\u00fcgbar.<\/p>","protected":false},"excerpt":{"rendered":"<p>Leider ist der Eintrag nur auf Fran\u00e7ais verf\u00fcgbar.<\/p>\n","protected":false},"author":1,"featured_media":0,"parent":0,"menu_order":0,"comment_status":"closed","ping_status":"closed","template":"page-accueil.php","meta":{"_acf_changed":false,"_seopress_robots_primary_cat":"","_seopress_titles_title":"Els\u00e4sser weine aus gueberschwihr","_seopress_titles_desc":"Unabh\u00e4ngiger els\u00e4ssischer Winzer in Gueberschwihr, das Weingut Scherb hei\u00dft Sie in seinen Kellern willkommen, damit Sie seine els\u00e4ssischen Weine probieren k\u00f6nnen. Unabh\u00e4ngiger els\u00e4ssischer Winzer in Gueberschwihr, das Weingut Scherb hei\u00dft Sie in seinen Kellern willkommen, damit Sie seine els\u00e4ssischen Weine probieren k\u00f6nnen","_seopress_robots_index":"","footnotes":""},"class_list":["post-24","page","type-page","status-publish","hentry"],"acf":[],"_links":{"self":[{"href":"https:\/\/www.scherb.fr\/de\/wp-json\/wp\/v2\/pages\/24"}],"collection":[{"href":"https:\/\/www.scherb.fr\/de\/wp-json\/wp\/v2\/pages"}],"about":[{"href":"https:\/\/www.scherb.fr\/de\/wp-json\/wp\/v2\/types\/page"}],"author":[{"embeddable":true,"href":"https:\/\/www.scherb.fr\/de\/wp-json\/wp\/v2\/users\/1"}],"replies":[{"embeddable":true,"href":"https:\/\/www.scherb.fr\/de\/wp-json\/wp\/v2\/comments?post=24"}],"version-history":[{"count":0,"href":"https:\/\/www.scherb.fr\/de\/wp-json\/wp\/v2\/pages\/24\/revisions"}],"wp:attachment":[{"href":"https:\/\/www.scherb.fr\/de\/wp-json\/wp\/v2\/media?parent=24"}],"curies":[{"name":"wp","href":"https:\/\/api.w.org\/{rel}","templated":true}]}}