{"id":82,"date":"2016-01-26T16:12:10","date_gmt":"2016-01-26T15:12:10","guid":{"rendered":"http:\/\/s536765090.onlinehome.fr\/scherb\/?page_id=82"},"modified":"2018-11-30T00:40:47","modified_gmt":"2018-11-29T23:40:47","slug":"riesling","status":"publish","type":"page","link":"https:\/\/www.scherb.fr\/de\/nos-cepages\/riesling\/","title":{"rendered":"Riesling"},"content":{"rendered":"<div class=\"row\">\n<div class=\"col-md-4\"><img loading=\"lazy\" decoding=\"async\" class=\"aligncenter wp-image-621 size-full\" src=\"http:\/\/www.scherb.fr\/wp-content\/uploads\/2016\/01\/riesling-vignette.jpg\" alt=\"\" width=\"341\" height=\"248\" srcset=\"https:\/\/www.scherb.fr\/wp-content\/uploads\/2016\/01\/riesling-vignette.jpg 341w, https:\/\/www.scherb.fr\/wp-content\/uploads\/2016\/01\/riesling-vignette-300x218.jpg 300w\" sizes=\"(max-width: 341px) 100vw, 341px\" \/><\/p>\n<\/div>\n<div class=\"col-md-8 cep-texte\">\n<p align=\"justify\"><span style=\"text-decoration: underline; color: #808000;\"><strong>W\u00e4hrend der Weinprobe:<\/strong><\/span><\/p>\n<p align=\"justify\">Der Riesling ist ein Wein, der durch eine hellgelbe Farbe gepr\u00e4gt ist.<\/p>\n<p align=\"justify\">Seine sehr ausdrucksstarke Nase gibt Ihnen ein Frischegef\u00fchl; Aromen von wei\u00dfen Bl\u00fcten werden frei.<\/p>\n<p align=\"justify\">Er ist prickelnd, trocken, rassig, vollmundig, sowie sehr raffiniert und feinfruchtig &#8211; er bietet ein Bukett gro\u00dfer Finesse mit mineralischen und floralen Nuancen.<\/p>\n<p align=\"justify\"><span style=\"color: #808000;\"><u><strong>Serviervorschlag (Speisen-Weine):<\/strong><\/u><\/span><\/p>\n<p align=\"justify\">Der Gastronomie-Wein par excellence ist unvergleichbar in Verbindung mit Fisch, Krustentieren, Meeresfr\u00fcchten, hellem Fleisch und nat\u00fcrlich Sauerkraut.<\/p>\n<p align=\"justify\"><span style=\"color: #808000;\"><u><strong>Lagerf\u00e4higkeit \/ ideale Reife:<\/strong><\/u><\/span><\/p>\n<p align=\"justify\">Je \u00e4lter er ist, desto mineralischer wird sein Geschmack (\u201e\u00d6lgeschmack&#8220; in der \u00f6nologischen Terminologie). Um die Frische zu bewahren, m\u00fcsste er innerhalb der ersten 5 Jahre getrunken werden. Wenn Sie Liebhaber des mineralischen Geschmackes sind, k\u00f6nnen Sie ihn 10 Jahre aufbewahren und genie\u00dfen. Die ideale Trinktemperatur liegt zwischen 8 und 10 Grad.<\/p>\n<\/div><\/div>","protected":false},"excerpt":{"rendered":"","protected":false},"author":1,"featured_media":0,"parent":80,"menu_order":0,"comment_status":"closed","ping_status":"closed","template":"page-cepage.php","meta":{"_acf_changed":false,"_seopress_robots_primary_cat":"","_seopress_titles_title":"","_seopress_titles_desc":"","_seopress_robots_index":"","footnotes":""},"class_list":["post-82","page","type-page","status-publish","hentry"],"acf":[],"_links":{"self":[{"href":"https:\/\/www.scherb.fr\/de\/wp-json\/wp\/v2\/pages\/82"}],"collection":[{"href":"https:\/\/www.scherb.fr\/de\/wp-json\/wp\/v2\/pages"}],"about":[{"href":"https:\/\/www.scherb.fr\/de\/wp-json\/wp\/v2\/types\/page"}],"author":[{"embeddable":true,"href":"https:\/\/www.scherb.fr\/de\/wp-json\/wp\/v2\/users\/1"}],"replies":[{"embeddable":true,"href":"https:\/\/www.scherb.fr\/de\/wp-json\/wp\/v2\/comments?post=82"}],"version-history":[{"count":2,"href":"https:\/\/www.scherb.fr\/de\/wp-json\/wp\/v2\/pages\/82\/revisions"}],"predecessor-version":[{"id":1140,"href":"https:\/\/www.scherb.fr\/de\/wp-json\/wp\/v2\/pages\/82\/revisions\/1140"}],"up":[{"embeddable":true,"href":"https:\/\/www.scherb.fr\/de\/wp-json\/wp\/v2\/pages\/80"}],"wp:attachment":[{"href":"https:\/\/www.scherb.fr\/de\/wp-json\/wp\/v2\/media?parent=82"}],"curies":[{"name":"wp","href":"https:\/\/api.w.org\/{rel}","templated":true}]}}