{"id":78,"date":"2016-01-26T16:08:55","date_gmt":"2016-01-26T15:08:55","guid":{"rendered":"http:\/\/s536765090.onlinehome.fr\/scherb\/?page_id=78"},"modified":"2018-11-22T14:24:41","modified_gmt":"2018-11-22T13:24:41","slug":"le-domaine","status":"publish","type":"page","link":"https:\/\/www.scherb.fr\/en\/le-domaine\/","title":{"rendered":"Domaine Bernard Scherb et Fils"},"content":{"rendered":"<h1 style=\"text-align: left;\">Domaine Scherb Vins d&#8217;Alsace<\/h1>\n<p>&nbsp;<\/p>\n<div class=\"container\">\n<div class=\"row\">\n<div class=\"col-md-4\">\n<img loading=\"lazy\" decoding=\"async\" class=\"bordure-blanche aligncenter wp-image-374 size-medium\" src=\"\/wp-content\/uploads\/2016\/02\/gueberschwihr-300x300.jpg\" alt=\"gueberschwihr\" width=\"300\" height=\"300\" srcset=\"https:\/\/www.scherb.fr\/wp-content\/uploads\/2016\/02\/gueberschwihr-300x300.jpg 300w, https:\/\/www.scherb.fr\/wp-content\/uploads\/2016\/02\/gueberschwihr-150x150.jpg 150w, https:\/\/www.scherb.fr\/wp-content\/uploads\/2016\/02\/gueberschwihr-65x65.jpg 65w, https:\/\/www.scherb.fr\/wp-content\/uploads\/2016\/02\/gueberschwihr-60x60.jpg 60w, https:\/\/www.scherb.fr\/wp-content\/uploads\/2016\/02\/gueberschwihr.jpg 642w\" sizes=\"(max-width: 300px) 100vw, 300px\" \/><br \/>\n<\/div>\n<div class=\"col-md-8\">\n<p>Domaine Bernard Scherb et Fils is a family wine estate established 4 generations ago, although records show that the family were winegrowers as far back as 1646.<\/p>\n<p>The Alsace wine region covers some 15\u00a0000 hectares, producing mostly aromatic dry white wines, but also one red wine, the Pinot Noir.<\/p>\n<p>Our family estate consists of around 15 hectares of vineyards situated within a radius of 15 kms and in 4 different villages (Gueberschwihr, Voegtlinshoffen, Rouffach and Orschwihr).<\/p>\n<p>More than 30 individual vineyards enable us to benefit from a wide variety of terroirs. We produce wines from all the Alsace grape varieties (Sylvaner, Pinot Blanc, Riesling, Muscat, Pinor Gris, Gewurztraminer and Pinot Noir) as well as AOC Cr\u00e9mant d\u2019Alsace (sparkling wine).<\/p>\n<p>Our vineyards include two Grand Cru sites : Vorbourg (in Rouffach) and Goldert (in Gueberschwihr).<\/p>\n<p style=\"text-align: justify;\"><\/div>\n<\/div>\n<\/div>\n<p><img loading=\"lazy\" decoding=\"async\" class=\"aligncenter size-full wp-image-427\" src=\"\/wp-content\/uploads\/2016\/01\/entre-1.png\" alt=\"entre\" width=\"1090\" height=\"89\" srcset=\"https:\/\/www.scherb.fr\/wp-content\/uploads\/2016\/01\/entre-1.png 1090w, https:\/\/www.scherb.fr\/wp-content\/uploads\/2016\/01\/entre-1-300x24.png 300w, https:\/\/www.scherb.fr\/wp-content\/uploads\/2016\/01\/entre-1-768x63.png 768w, https:\/\/www.scherb.fr\/wp-content\/uploads\/2016\/01\/entre-1-1024x84.png 1024w\" sizes=\"(max-width: 1090px) 100vw, 1090px\" \/><\/p>\n<div class=\"container\">\n<div class=\"row\">\n<div class=\"col-md-12\">\n<p>Our vines are cultivated in the traditional manner with Alsace-style guyot-double pruning and a density of 5\u00a0000 vines per hectare, set in rows 1m70 apart and with 1m10 between each vine.<\/p>\n<p>Alternate rows are grassed over, the other ploughed, in order to avoid the use of pesticides. Fertiliser is rarely used and, like pesticide treatments, is limited to the bare minimum and only if necessary.<\/p>\n<\/div>\n<\/div>\n<\/div>\n<div class=\"container\">\n<div class=\"row\">\n<div class=\"col-md-12 contenu-liste\">\n<p>&nbsp;<\/p>\n<h4>Our grapes are harvested entirely by hand and bunches are pressed intact.<\/h4>\n<p>&nbsp;<\/p>\n<ul>\n<li><span style=\"color: #808000;\"><strong>Range SCHERB :<\/strong><\/span><br \/>\nFamily line that has been in existence for 4 generations, reserved for sale to individuals and historical markets. The direct sale represents 90% of our figure, this is due to our family complex &#8220;Hotel -Restaurant -Vins&#8221;\u00a0(website : <a href=\"http:\/\/www.relaisduvignoble.com\" target=\"_blank\" rel=\"noopener\">www.relaisduvignoble.com<\/a> ).<\/li>\n<\/ul>\n<p>&nbsp;<\/p>\n<ul>\n<li><span style=\"color: #808000;\"><strong>Range &#8220;Ch\u00e2teau Mittelbourg&#8221; :<\/strong><\/span><br \/>\nSelection of our best terroirs and products, created after obtaining the name to develop the export of our wines abroad and work on new national markets.<\/li>\n<\/ul>\n<\/div>\n<\/div>\n<\/div>\n<p>&nbsp;<\/p>\n<blockquote><p><strong>We are an independent wine producing estate, and our annual production averages 120\u00a0000 bottles.<\/strong><\/p><\/blockquote>\n<p><img loading=\"lazy\" decoding=\"async\" class=\"aligncenter size-full wp-image-427\" src=\"\/wp-content\/uploads\/2016\/01\/entre-1.png\" alt=\"entre\" width=\"1090\" height=\"89\" srcset=\"https:\/\/www.scherb.fr\/wp-content\/uploads\/2016\/01\/entre-1.png 1090w, https:\/\/www.scherb.fr\/wp-content\/uploads\/2016\/01\/entre-1-300x24.png 300w, https:\/\/www.scherb.fr\/wp-content\/uploads\/2016\/01\/entre-1-768x63.png 768w, https:\/\/www.scherb.fr\/wp-content\/uploads\/2016\/01\/entre-1-1024x84.png 1024w\" sizes=\"(max-width: 1090px) 100vw, 1090px\" \/><\/p>\n<div class=\"col-md-3 img-page\">\n<a href=\"\/wp-content\/uploads\/2016\/01\/citerne.jpg\"><img loading=\"lazy\" decoding=\"async\" class=\"aligncenter wp-image-596 size-medium\" src=\"\/wp-content\/uploads\/2016\/01\/citerne-201x300.jpg\" alt=\"citerne\" width=\"201\" height=\"300\" srcset=\"https:\/\/www.scherb.fr\/wp-content\/uploads\/2016\/01\/citerne-201x300.jpg 201w, https:\/\/www.scherb.fr\/wp-content\/uploads\/2016\/01\/citerne.jpg 600w\" sizes=\"(max-width: 201px) 100vw, 201px\" \/><\/a><br \/>\n<\/div>\n<div class=\"col-md-3 img-page\"><a href=\"\/wp-content\/uploads\/2016\/01\/tonneau.jpg\"><img loading=\"lazy\" decoding=\"async\" class=\"aligncenter wp-image-597 size-medium\" src=\"\/wp-content\/uploads\/2016\/01\/tonneau-201x300.jpg\" alt=\"tonneau\" width=\"201\" height=\"300\" srcset=\"https:\/\/www.scherb.fr\/wp-content\/uploads\/2016\/01\/tonneau-201x300.jpg 201w, https:\/\/www.scherb.fr\/wp-content\/uploads\/2016\/01\/tonneau.jpg 600w\" sizes=\"(max-width: 201px) 100vw, 201px\" \/><\/a><\/p>\n<\/div>\n<div class=\"col-md-3 img-page\"><a href=\"\/wp-content\/uploads\/2016\/01\/tonneau-bois-chene-1.jpg\" rel=\"attachment wp-att-601\"><img loading=\"lazy\" decoding=\"async\" class=\"aligncenter size-medium wp-image-601\" src=\"\/wp-content\/uploads\/2016\/01\/tonneau-bois-chene-1-201x300.jpg\" alt=\"tonneau-bois-chene\" width=\"201\" height=\"300\" srcset=\"https:\/\/www.scherb.fr\/wp-content\/uploads\/2016\/01\/tonneau-bois-chene-1-201x300.jpg 201w, https:\/\/www.scherb.fr\/wp-content\/uploads\/2016\/01\/tonneau-bois-chene-1.jpg 600w\" sizes=\"(max-width: 201px) 100vw, 201px\" \/><\/a><\/p>\n<\/div>\n<div class=\"col-md-3 img-page\"><a href=\"\/wp-content\/uploads\/2016\/01\/vins-scherb-gueberschwihr.jpg\"><img loading=\"lazy\" decoding=\"async\" class=\"aligncenter wp-image-599 size-medium\" src=\"\/wp-content\/uploads\/2016\/01\/vins-scherb-gueberschwihr-201x300.jpg\" alt=\"vins-scherb-gueberschwihr\" width=\"201\" height=\"300\" srcset=\"https:\/\/www.scherb.fr\/wp-content\/uploads\/2016\/01\/vins-scherb-gueberschwihr-201x300.jpg 201w, https:\/\/www.scherb.fr\/wp-content\/uploads\/2016\/01\/vins-scherb-gueberschwihr.jpg 600w\" sizes=\"(max-width: 201px) 100vw, 201px\" \/><\/a><\/p>\n<\/div>\n<p>&nbsp;","protected":false},"excerpt":{"rendered":"<p>Domaine Scherb Vins d&#8217;Alsace &nbsp; &nbsp; We are an independent wine producing estate, and our annual production averages 120\u00a0000 bottles. &nbsp;<\/p>\n","protected":false},"author":1,"featured_media":0,"parent":0,"menu_order":0,"comment_status":"closed","ping_status":"closed","template":"page.php","meta":{"_acf_changed":false,"_seopress_robots_primary_cat":"","_seopress_titles_title":"Le domaine Scherb est situ\u00e9 sur la route des vins \u00e0 gueberschwihr","_seopress_titles_desc":"Le domaine Scherb est situ\u00e9 au c\u0153ur du vignoble alsacien. La famille Scherb cultive le vins depuis 4 g\u00e9n\u00e9rations sur 15 hectares de vignes.","_seopress_robots_index":"","footnotes":""},"class_list":["post-78","page","type-page","status-publish","hentry"],"acf":[],"_links":{"self":[{"href":"https:\/\/www.scherb.fr\/en\/wp-json\/wp\/v2\/pages\/78"}],"collection":[{"href":"https:\/\/www.scherb.fr\/en\/wp-json\/wp\/v2\/pages"}],"about":[{"href":"https:\/\/www.scherb.fr\/en\/wp-json\/wp\/v2\/types\/page"}],"author":[{"embeddable":true,"href":"https:\/\/www.scherb.fr\/en\/wp-json\/wp\/v2\/users\/1"}],"replies":[{"embeddable":true,"href":"https:\/\/www.scherb.fr\/en\/wp-json\/wp\/v2\/comments?post=78"}],"version-history":[{"count":1,"href":"https:\/\/www.scherb.fr\/en\/wp-json\/wp\/v2\/pages\/78\/revisions"}],"predecessor-version":[{"id":1128,"href":"https:\/\/www.scherb.fr\/en\/wp-json\/wp\/v2\/pages\/78\/revisions\/1128"}],"wp:attachment":[{"href":"https:\/\/www.scherb.fr\/en\/wp-json\/wp\/v2\/media?parent=78"}],"curies":[{"name":"wp","href":"https:\/\/api.w.org\/{rel}","templated":true}]}}