{"id":92,"date":"2016-01-26T16:16:30","date_gmt":"2016-01-26T15:16:30","guid":{"rendered":"http:\/\/s536765090.onlinehome.fr\/scherb\/?page_id=92"},"modified":"2018-11-22T14:38:26","modified_gmt":"2018-11-22T13:38:26","slug":"cremant","status":"publish","type":"page","link":"https:\/\/www.scherb.fr\/en\/nos-cepages\/cremant\/","title":{"rendered":"Cr\u00e9mant"},"content":{"rendered":"<div class=\"row\">\n<div class=\"col-md-4\">\n<p><img loading=\"lazy\" decoding=\"async\" class=\"alignnone size-full wp-image-168\" src=\"http:\/\/www.scherb.fr\/wp-content\/uploads\/2016\/01\/cremant-d-alsace-brut.png\" alt=\"\" width=\"350\" height=\"535\" srcset=\"https:\/\/www.scherb.fr\/wp-content\/uploads\/2016\/01\/cremant-d-alsace-brut.png 350w, https:\/\/www.scherb.fr\/wp-content\/uploads\/2016\/01\/cremant-d-alsace-brut-196x300.png 196w\" sizes=\"(max-width: 350px) 100vw, 350px\" \/><\/p>\n<\/div>\n<div class=\"col-md-8 cep-texte\">\n<p align=\"justify\">Made from noble Alsace grapes and vinified according to the traditional champagne method, the reputation and renown of Cr\u00e9mant d\u2019Alsace continues to grow.<\/p>\n<p align=\"justify\"><span style=\"color: #808000;\"><strong><u>Tasting :<\/u><\/strong><\/span><\/p>\n<p>The Ros\u00e9 is made from Pinot Noir. It is fruit-driven with an attractive pink colour and fine bubbles. It has astonishing freshness and incredible complexity.<\/p>\n<p>The Brut comes from Auxerrois, Pinot Blanc and sometimes Riesling grapes. A celebration wine with a bright pale gold colour, it will delight you with its freshness and perfect balance.<\/p>\n<p align=\"justify\"><span style=\"color: #808000;\"><u><strong>Food pairing :<\/strong><\/u><\/span><\/p>\n<p align=\"justify\">Cr\u00e9mant d\u2019Alsace is perfect to celebrate all festive occasions, birthdays, anniversaries\u2026 as well as with buffets, seafood, grilled fish, fish in sauce, Alsace choucroute, poultry, white meats and desserts.<\/p>\n<p align=\"justify\"><span style=\"text-decoration: underline; color: #808000;\"><strong>Serving temperature :<\/strong><\/span><\/p>\n<p align=\"justify\">8\u00b0 to 10\u00b0C.<\/p>\n<p align=\"justify\"><span style=\"color: #808000;\"><u><strong>Ageing :<\/strong><\/u><\/span><\/p>\n<p align=\"justify\">To savour its freshness, Cr\u00e9mant d\u2019Alsace is best enjoyed young, within 5 years, although with more time it can develop deeper, more biscuity notes that are appreciated by some connaisseurs.<\/p>\n<p align=\"justify\"><\/div>\n<p align=\"justify\"><\/div>","protected":false},"excerpt":{"rendered":"","protected":false},"author":1,"featured_media":0,"parent":80,"menu_order":0,"comment_status":"closed","ping_status":"closed","template":"page-cepage.php","meta":{"_acf_changed":false,"_seopress_robots_primary_cat":"","_seopress_titles_title":"Cr\u00e9mant d'Alsace de Gueberschwihr - Domaine Scherb","_seopress_titles_desc":"D\u00e9couvrez nos cr\u00e9mants d'Alsace assembl\u00e9s avec nos diff\u00e9rents c\u00e9pages qui font de ce vin p\u00e9tillant un cr\u00e9mant de f\u00eate incontournable.","_seopress_robots_index":"","footnotes":""},"class_list":["post-92","page","type-page","status-publish","hentry"],"acf":[],"_links":{"self":[{"href":"https:\/\/www.scherb.fr\/en\/wp-json\/wp\/v2\/pages\/92"}],"collection":[{"href":"https:\/\/www.scherb.fr\/en\/wp-json\/wp\/v2\/pages"}],"about":[{"href":"https:\/\/www.scherb.fr\/en\/wp-json\/wp\/v2\/types\/page"}],"author":[{"embeddable":true,"href":"https:\/\/www.scherb.fr\/en\/wp-json\/wp\/v2\/users\/1"}],"replies":[{"embeddable":true,"href":"https:\/\/www.scherb.fr\/en\/wp-json\/wp\/v2\/comments?post=92"}],"version-history":[{"count":1,"href":"https:\/\/www.scherb.fr\/en\/wp-json\/wp\/v2\/pages\/92\/revisions"}],"predecessor-version":[{"id":1132,"href":"https:\/\/www.scherb.fr\/en\/wp-json\/wp\/v2\/pages\/92\/revisions\/1132"}],"up":[{"embeddable":true,"href":"https:\/\/www.scherb.fr\/en\/wp-json\/wp\/v2\/pages\/80"}],"wp:attachment":[{"href":"https:\/\/www.scherb.fr\/en\/wp-json\/wp\/v2\/media?parent=92"}],"curies":[{"name":"wp","href":"https:\/\/api.w.org\/{rel}","templated":true}]}}